{"id":574,"date":"2025-09-24T22:01:10","date_gmt":"2025-09-24T22:01:10","guid":{"rendered":"http:\/\/ek4.5fa.mytemp.website\/?page_id=574"},"modified":"2025-09-24T23:25:11","modified_gmt":"2025-09-24T23:25:11","slug":"regiones","status":"publish","type":"page","link":"https:\/\/agustinosoala.org\/en\/regiones\/","title":{"rendered":"Regions"},"content":{"rendered":"<div data-elementor-type=\"wp-page\" data-elementor-id=\"574\" class=\"elementor elementor-574\">\n\t\t\t\t<div class=\"aux-parallax-section elementor-element elementor-element-2fef7337 e-flex e-con-boxed wpr-particle-no wpr-jarallax-no wpr-parallax-no wpr-sticky-section-no wpr-equal-height-no e-con e-parent\" data-id=\"2fef7337\" data-element_type=\"container\" data-e-type=\"container\" data-settings=\"{&quot;background_background&quot;:&quot;classic&quot;}\">\n\t\t\t\t\t<div class=\"e-con-inner\">\n\t\t<div class=\"elementor-element elementor-element-79a5e388 e-con-full e-flex wpr-particle-no wpr-jarallax-no wpr-parallax-no wpr-sticky-section-no wpr-equal-height-no e-con e-child\" data-id=\"79a5e388\" data-element_type=\"container\" data-e-type=\"container\" data-settings=\"{&quot;background_background&quot;:&quot;classic&quot;}\">\n\t\t\t\t<div class=\"elementor-element elementor-element-3cca9f7b elementor-widget elementor-widget-elementskit-heading\" data-id=\"3cca9f7b\" data-element_type=\"widget\" data-e-type=\"widget\" data-widget_type=\"elementskit-heading.default\">\n\t\t\t\t\t<div class=\"ekit-wid-con\" ><div class=\"ekit-heading elementskit-section-title-wraper text_center   ekit_heading_tablet-   ekit_heading_mobile-\"><h3 class=\"ekit-heading--title elementskit-section-title\"><span><span>\"<\/span><\/span>You have made us for yourself, O Lord, and our hearts are restless until they rest in you<span><span>\"<\/span><\/span> <span><span>St. Augustine. Confessions, Book I, Chapter 1.<\/span><\/span><\/h3><\/div><\/div>\t\t\t\t<\/div>\n\t\t\t\t<\/div>\n\t\t\t\t\t<\/div>\n\t\t\t\t<\/div>\n\t\t<div class=\"aux-parallax-section elementor-element elementor-element-a7f1577 e-flex e-con-boxed wpr-particle-no wpr-jarallax-no wpr-parallax-no wpr-sticky-section-no wpr-equal-height-no e-con e-parent\" data-id=\"a7f1577\" data-element_type=\"container\" data-e-type=\"container\">\n\t\t\t\t\t<div class=\"e-con-inner\">\n\t\t<div class=\"elementor-element elementor-element-4c7224e e-con-full e-flex wpr-particle-no wpr-jarallax-no wpr-parallax-no wpr-sticky-section-no wpr-equal-height-no e-con e-child\" data-id=\"4c7224e\" data-element_type=\"container\" data-e-type=\"container\">\n\t\t\t\t<div class=\"elementor-element elementor-element-6f53693 elementor-widget elementor-widget-heading\" data-id=\"6f53693\" data-element_type=\"widget\" data-e-type=\"widget\" data-widget_type=\"heading.default\">\n\t\t\t\t\t<h2 class=\"elementor-heading-title elementor-size-default\">OALA General Assemblies<\/h2>\t\t\t\t<\/div>\n\t\t\t\t<\/div>\n\t\t<div class=\"elementor-element elementor-element-8b6ee40 e-con-full e-flex wpr-particle-no wpr-jarallax-no wpr-parallax-no wpr-sticky-section-no wpr-equal-height-no e-con e-child\" data-id=\"8b6ee40\" data-element_type=\"container\" data-e-type=\"container\">\n\t\t\t\t<div class=\"elementor-element elementor-element-6f92b93 elementor-widget elementor-widget-shortcode\" data-id=\"6f92b93\" data-element_type=\"widget\" data-e-type=\"widget\" data-widget_type=\"shortcode.default\">\n\t\t\t\t\t\t\t<div class=\"elementor-shortcode\">\n<style>\n\t#hotspot-581 .hotspots-image-container,\n\t#hotspot-581 .leaflet-container {\n\t\tbackground: #efefef\t}\n\n\t#hotspot-581 .hotspots-placeholder {\n\t\tbackground: #2E2D29;\n\t\tborder: 0 #2E2D29 solid;\n\t\tcolor: #DFEBE5;\n\t}\n\n\t#hotspot-581 .hotspot-title {\n\t\tcolor: #93C7A4;\n\t}\n\n\t\t\t#hotspot-581 .hotspot-default {\n\t\t\tstroke-width: 2;\n\t\t\tfill: #ffffff;\n\t\t\tfill-opacity: 0;\n\t\t\tstroke: #ffffff;\n\t\t\tstroke-opacity: 0;\n\t\t}\n\t\t#hotspot-581 .hotspot-default:hover,\n\t\t#hotspot-581 .hotspot-default:focus-visible,\n\t\t#hotspot-581 .hotspot-default.hotspot-active {\n\t\t\tfill: #3CA2A2;\n\t\t\tfill-opacity: 0.71;\n\t\t\tstroke: #235B6E;\n\t\t\tstroke-opacity: 1.01;\n\t\t}\n\t\t#hotspot-581 .leaflet-tooltip,\n\t#hotspot-581 .leaflet-rrose-content-wrapper {\n\t\tbackground: #2E2D29;\n\t\tborder-color: #2E2D29;\n\t\tcolor: #DFEBE5;\n\t}\n\n\t#hotspot-581 a.leaflet-rrose-close-button {\n\t\tcolor: #93C7A4;\n\t}\n\n\t#hotspot-581 .leaflet-rrose-tip {\n\t\tbackground: #2E2D29;\n\t}\n\n\t#hotspot-581 .leaflet-popup-scrolled {\n\t\tborder-bottom-color: #DFEBE5;\n\t\tborder-top-color: #DFEBE5;\n\t}\n\n\t#hotspot-581 .leaflet-tooltip-top:before {\n\t\tborder-top-color: #2E2D29;\n\t}\n\n\t#hotspot-581 .leaflet-tooltip-bottom:before {\n\t\tborder-bottom-color: #2E2D29;\n\t}\n\t#hotspot-581 .leaflet-tooltip-left:before {\n\t\tborder-left-color: #2E2D29;\n\t}\n\t#hotspot-581 .leaflet-tooltip-right:before {\n\t\tborder-right-color: #2E2D29;\n\t}\n<\/style>\n\n\t\n\t<div class=\"hotspots-container links-only layout-left event-click\" id=\"hotspot-581\" data-layout=\"left\" data-trigger=\"click\">\n\t\t<div class=\"hotspots-interaction\">\n\t\t\t<div class=\"hotspots-image-container\">\n\t<img\n\t\twidth=\"744\"\n\t\theight=\"796\"\n\t\tsrc=\"https:\/\/agustinosoala.org\/wp-content\/uploads\/2025\/09\/nort-america.png\"\n\t\talt=\"Regiones de Am\u00e9rcia Latina\"\n\t\tclass=\"hotspots-image skip-lazy\"\n\t\tusemap=\"#hotspots-image-581\"\n\t\tdata-image-title=\"Regiones de Am\u00e9rcia Latina\"\n\t\tdata-image-description=\"\"\n\t\tdata-event-trigger=\"click\"\n\t\tdata-always-visible=\"false\"\n\t\tdata-id=\"581\"\n\t\tdata-no-lazy=\"1\"\n\t\tdata-lazy-src=\"\"\n\t\tdata-lazy=\"false\"\n\t\tloading=\"eager\"\n\t\tdata-skip-lazy=\"1\"\n\t\t>\n<\/div>\t\t<\/div>\n\t\t<map name=\"hotspots-image-581\" class=\"hotspots-map\">\n\t\t\t\t\t\t\t\t\t\t\t<area\n\t\t\t\t\tshape=\"circle\"\n\t\t\t\t\tcoords=\"586,405,88\"\n\t\t\t\t\thref=\"#\"\n\t\t\t\t\trel=\"\"\n\t\t\t\t\ttitle=\"Brazil\"\n\t\t\t\t\talt=\"Brasil\"\n\t\t\t\t\tdata-action=\"url\"\n\t\t\t\t\tdata-color-scheme=\"\"\n\t\t\t\t\ttarget=\"_new\"\n\t\t\t\t\tclass=\"url-area\"\n\t\t\t\t\t>\n\t\t\t\t\t\t\t\t\t\t\t<area\n\t\t\t\t\tshape=\"circle\"\n\t\t\t\t\tcoords=\"346,391,27\"\n\t\t\t\t\thref=\"#\"\n\t\t\t\t\trel=\"\"\n\t\t\t\t\ttitle=\"Peru\"\n\t\t\t\t\talt=\"Peru\"\n\t\t\t\t\tdata-action=\"url\"\n\t\t\t\t\tdata-color-scheme=\"\"\n\t\t\t\t\ttarget=\"_new\"\n\t\t\t\t\tclass=\"url-area\"\n\t\t\t\t\t>\n\t\t\t\t\t\t\t\t\t\t\t<area\n\t\t\t\t\tshape=\"circle\"\n\t\t\t\t\tcoords=\"397,600,37\"\n\t\t\t\t\thref=\"#\"\n\t\t\t\t\trel=\"\"\n\t\t\t\t\ttitle=\"Chile\"\n\t\t\t\t\talt=\"Chile\"\n\t\t\t\t\tdata-action=\"url\"\n\t\t\t\t\tdata-color-scheme=\"\"\n\t\t\t\t\ttarget=\"_new\"\n\t\t\t\t\tclass=\"url-area\"\n\t\t\t\t\t>\n\t\t\t\t\t\t\t\t\t\t\t<area\n\t\t\t\t\tshape=\"circle\"\n\t\t\t\t\tcoords=\"320,311,15\"\n\t\t\t\t\thref=\"#\"\n\t\t\t\t\trel=\"\"\n\t\t\t\t\ttitle=\"Ecuador\"\n\t\t\t\t\talt=\"Ecuador\"\n\t\t\t\t\tdata-action=\"url\"\n\t\t\t\t\tdata-color-scheme=\"\"\n\t\t\t\t\ttarget=\"_new\"\n\t\t\t\t\tclass=\"url-area\"\n\t\t\t\t\t>\n\t\t\t\t\t<\/map>\n\n\t\t\n\t\t\t\t\t\t\t\t\t\t\t\t\t\t\t<\/div>\n\n<\/div>\n\t\t\t\t\t\t<\/div>\n\t\t\t\t<\/div>\n\t\t\t\t\t<\/div>\n\t\t\t\t<\/div>\n\t\t\t\t<\/div>","protected":false},"excerpt":{"rendered":"<p>\u00abNos hiciste, Se\u00f1or, para ti, y nuestro coraz\u00f3n est\u00e1 inquieto hasta que descanse en ti\u00bb San Agust\u00edn. Confessiones (Confesiones), Libro I, cap. 1. Asambleas Generales OALA<\/p>","protected":false},"author":1,"featured_media":0,"parent":0,"menu_order":0,"comment_status":"closed","ping_status":"closed","template":"elementor_header_footer","meta":{"inline_featured_image":false,"postBodyCss":"","postBodyMargin":[],"postBodyPadding":[],"postBodyBackground":{"backgroundType":"classic","gradient":""},"footnotes":""},"class_list":["post-574","page","type-page","status-publish","hentry"],"yoast_head":"<!-- This site is optimized with the Yoast SEO plugin v27.5 - https:\/\/yoast.com\/product\/yoast-seo-wordpress\/ -->\n<title>Regiones -<\/title>\n<meta name=\"robots\" content=\"index, follow, max-snippet:-1, max-image-preview:large, max-video-preview:-1\" \/>\n<link rel=\"canonical\" href=\"https:\/\/agustinosoala.org\/en\/regiones\/\" \/>\n<meta property=\"og:locale\" content=\"en_US\" \/>\n<meta property=\"og:type\" content=\"article\" \/>\n<meta property=\"og:title\" content=\"Regiones -\" \/>\n<meta property=\"og:description\" content=\"\u00abNos hiciste, Se\u00f1or, para ti, y nuestro coraz\u00f3n est\u00e1 inquieto hasta que descanse en ti\u00bb San Agust\u00edn. Confessiones (Confesiones), Libro I, cap. 1. Asambleas Generales OALA\" \/>\n<meta property=\"og:url\" content=\"https:\/\/agustinosoala.org\/en\/regiones\/\" \/>\n<meta property=\"og:site_name\" content=\"OALA - Organizaci\u00f3n de los Agustinos de Am\u00e9rica Latina\" \/>\n<meta property=\"article:publisher\" content=\"https:\/\/www.facebook.com\/oalagustinos\" \/>\n<meta property=\"article:modified_time\" content=\"2025-09-24T23:25:11+00:00\" \/>\n<meta property=\"og:image\" content=\"https:\/\/agustinosoala.org\/wp-content\/uploads\/2025\/09\/OALA-IMAGEN-EDIT-2.png\" \/>\n\t<meta property=\"og:image:width\" content=\"957\" \/>\n\t<meta property=\"og:image:height\" content=\"1074\" \/>\n\t<meta property=\"og:image:type\" content=\"image\/png\" \/>\n<meta name=\"twitter:card\" content=\"summary_large_image\" \/>\n<script type=\"application\/ld+json\" class=\"yoast-schema-graph\">{\"@context\":\"https:\\\/\\\/schema.org\",\"@graph\":[{\"@type\":\"WebPage\",\"@id\":\"https:\\\/\\\/agustinosoala.org\\\/regiones\\\/\",\"url\":\"https:\\\/\\\/agustinosoala.org\\\/regiones\\\/\",\"name\":\"Regiones -\",\"isPartOf\":{\"@id\":\"https:\\\/\\\/agustinosoala.org\\\/#website\"},\"datePublished\":\"2025-09-24T22:01:10+00:00\",\"dateModified\":\"2025-09-24T23:25:11+00:00\",\"breadcrumb\":{\"@id\":\"https:\\\/\\\/agustinosoala.org\\\/regiones\\\/#breadcrumb\"},\"inLanguage\":\"en-US\",\"potentialAction\":[{\"@type\":\"ReadAction\",\"target\":[\"https:\\\/\\\/agustinosoala.org\\\/regiones\\\/\"]}]},{\"@type\":\"BreadcrumbList\",\"@id\":\"https:\\\/\\\/agustinosoala.org\\\/regiones\\\/#breadcrumb\",\"itemListElement\":[{\"@type\":\"ListItem\",\"position\":1,\"name\":\"Portada\",\"item\":\"https:\\\/\\\/agustinosoala.org\\\/\"},{\"@type\":\"ListItem\",\"position\":2,\"name\":\"Regiones\"}]},{\"@type\":\"WebSite\",\"@id\":\"https:\\\/\\\/agustinosoala.org\\\/#website\",\"url\":\"https:\\\/\\\/agustinosoala.org\\\/\",\"name\":\"Organizaci\u00f3n de los Agustinos de Am\u00e9rica Latina - OALA\",\"description\":\"&quot;Comunidad agustiniana comprometida con la fe, la misi\u00f3n y el servicio en latinoamerica.&quot;\",\"publisher\":{\"@id\":\"https:\\\/\\\/agustinosoala.org\\\/#organization\"},\"alternateName\":\"OALA\",\"potentialAction\":[{\"@type\":\"SearchAction\",\"target\":{\"@type\":\"EntryPoint\",\"urlTemplate\":\"https:\\\/\\\/agustinosoala.org\\\/?s={search_term_string}\"},\"query-input\":{\"@type\":\"PropertyValueSpecification\",\"valueRequired\":true,\"valueName\":\"search_term_string\"}}],\"inLanguage\":\"en-US\"},{\"@type\":\"Organization\",\"@id\":\"https:\\\/\\\/agustinosoala.org\\\/#organization\",\"name\":\"Organizaci\u00f3n de los Agustinos de Am\u00e9rica Latina - OALA\",\"alternateName\":\"OALA\",\"url\":\"https:\\\/\\\/agustinosoala.org\\\/\",\"logo\":{\"@type\":\"ImageObject\",\"inLanguage\":\"en-US\",\"@id\":\"https:\\\/\\\/agustinosoala.org\\\/#\\\/schema\\\/logo\\\/image\\\/\",\"url\":\"https:\\\/\\\/agustinosoala.org\\\/wp-content\\\/uploads\\\/2025\\\/09\\\/logo-oala.webp\",\"contentUrl\":\"https:\\\/\\\/agustinosoala.org\\\/wp-content\\\/uploads\\\/2025\\\/09\\\/logo-oala.webp\",\"width\":70,\"height\":70,\"caption\":\"Organizaci\u00f3n de los Agustinos de Am\u00e9rica Latina - OALA\"},\"image\":{\"@id\":\"https:\\\/\\\/agustinosoala.org\\\/#\\\/schema\\\/logo\\\/image\\\/\"},\"sameAs\":[\"https:\\\/\\\/www.facebook.com\\\/oalagustinos\",\"https:\\\/\\\/www.youtube.com\\\/@oalagustinos\",\"https:\\\/\\\/www.instagram.com\\\/oalagustinos_\\\/\"]}]}<\/script>\n<!-- \/ Yoast SEO plugin. -->","yoast_head_json":{"title":"Regiones -","robots":{"index":"index","follow":"follow","max-snippet":"max-snippet:-1","max-image-preview":"max-image-preview:large","max-video-preview":"max-video-preview:-1"},"canonical":"https:\/\/agustinosoala.org\/en\/regiones\/","og_locale":"en_US","og_type":"article","og_title":"Regiones -","og_description":"\u00abNos hiciste, Se\u00f1or, para ti, y nuestro coraz\u00f3n est\u00e1 inquieto hasta que descanse en ti\u00bb San Agust\u00edn. Confessiones (Confesiones), Libro I, cap. 1. Asambleas Generales OALA","og_url":"https:\/\/agustinosoala.org\/en\/regiones\/","og_site_name":"OALA - Organizaci\u00f3n de los Agustinos de Am\u00e9rica Latina","article_publisher":"https:\/\/www.facebook.com\/oalagustinos","article_modified_time":"2025-09-24T23:25:11+00:00","og_image":[{"width":957,"height":1074,"url":"https:\/\/agustinosoala.org\/wp-content\/uploads\/2025\/09\/OALA-IMAGEN-EDIT-2.png","type":"image\/png"}],"twitter_card":"summary_large_image","schema":{"@context":"https:\/\/schema.org","@graph":[{"@type":"WebPage","@id":"https:\/\/agustinosoala.org\/regiones\/","url":"https:\/\/agustinosoala.org\/regiones\/","name":"Regiones -","isPartOf":{"@id":"https:\/\/agustinosoala.org\/#website"},"datePublished":"2025-09-24T22:01:10+00:00","dateModified":"2025-09-24T23:25:11+00:00","breadcrumb":{"@id":"https:\/\/agustinosoala.org\/regiones\/#breadcrumb"},"inLanguage":"en-US","potentialAction":[{"@type":"ReadAction","target":["https:\/\/agustinosoala.org\/regiones\/"]}]},{"@type":"BreadcrumbList","@id":"https:\/\/agustinosoala.org\/regiones\/#breadcrumb","itemListElement":[{"@type":"ListItem","position":1,"name":"Portada","item":"https:\/\/agustinosoala.org\/"},{"@type":"ListItem","position":2,"name":"Regiones"}]},{"@type":"WebSite","@id":"https:\/\/agustinosoala.org\/#website","url":"https:\/\/agustinosoala.org\/","name":"Organizaci\u00f3n de los Agustinos de Am\u00e9rica Latina - OALA","description":"&quot;Comunidad agustiniana comprometida con la fe, la misi\u00f3n y el servicio en latinoamerica.&quot;","publisher":{"@id":"https:\/\/agustinosoala.org\/#organization"},"alternateName":"OALA","potentialAction":[{"@type":"SearchAction","target":{"@type":"EntryPoint","urlTemplate":"https:\/\/agustinosoala.org\/?s={search_term_string}"},"query-input":{"@type":"PropertyValueSpecification","valueRequired":true,"valueName":"search_term_string"}}],"inLanguage":"en-US"},{"@type":"Organization","@id":"https:\/\/agustinosoala.org\/#organization","name":"Organizaci\u00f3n de los Agustinos de Am\u00e9rica Latina - OALA","alternateName":"OALA","url":"https:\/\/agustinosoala.org\/","logo":{"@type":"ImageObject","inLanguage":"en-US","@id":"https:\/\/agustinosoala.org\/#\/schema\/logo\/image\/","url":"https:\/\/agustinosoala.org\/wp-content\/uploads\/2025\/09\/logo-oala.webp","contentUrl":"https:\/\/agustinosoala.org\/wp-content\/uploads\/2025\/09\/logo-oala.webp","width":70,"height":70,"caption":"Organizaci\u00f3n de los Agustinos de Am\u00e9rica Latina - OALA"},"image":{"@id":"https:\/\/agustinosoala.org\/#\/schema\/logo\/image\/"},"sameAs":["https:\/\/www.facebook.com\/oalagustinos","https:\/\/www.youtube.com\/@oalagustinos","https:\/\/www.instagram.com\/oalagustinos_\/"]}]}},"_links":{"self":[{"href":"https:\/\/agustinosoala.org\/en\/wp-json\/wp\/v2\/pages\/574","targetHints":{"allow":["GET"]}}],"collection":[{"href":"https:\/\/agustinosoala.org\/en\/wp-json\/wp\/v2\/pages"}],"about":[{"href":"https:\/\/agustinosoala.org\/en\/wp-json\/wp\/v2\/types\/page"}],"author":[{"embeddable":true,"href":"https:\/\/agustinosoala.org\/en\/wp-json\/wp\/v2\/users\/1"}],"replies":[{"embeddable":true,"href":"https:\/\/agustinosoala.org\/en\/wp-json\/wp\/v2\/comments?post=574"}],"version-history":[{"count":7,"href":"https:\/\/agustinosoala.org\/en\/wp-json\/wp\/v2\/pages\/574\/revisions"}],"predecessor-version":[{"id":591,"href":"https:\/\/agustinosoala.org\/en\/wp-json\/wp\/v2\/pages\/574\/revisions\/591"}],"wp:attachment":[{"href":"https:\/\/agustinosoala.org\/en\/wp-json\/wp\/v2\/media?parent=574"}],"curies":[{"name":"wp","href":"https:\/\/api.w.org\/{rel}","templated":true}]}}