{"id":610,"date":"2025-09-25T15:44:42","date_gmt":"2025-09-25T15:44:42","guid":{"rendered":"http:\/\/ek4.5fa.mytemp.website\/?page_id=610"},"modified":"2025-09-26T05:03:12","modified_gmt":"2025-09-26T05:03:12","slug":"sobre-nosotros","status":"publish","type":"page","link":"https:\/\/agustinosoala.org\/en\/sobre-nosotros\/","title":{"rendered":"About Us"},"content":{"rendered":"","protected":false},"excerpt":{"rendered":"","protected":false},"author":1,"featured_media":0,"parent":0,"menu_order":0,"comment_status":"closed","ping_status":"closed","template":"elementor_header_footer","meta":{"inline_featured_image":false,"postBodyCss":"","postBodyMargin":[],"postBodyPadding":[],"postBodyBackground":{"backgroundType":"classic","gradient":""},"footnotes":""},"class_list":["post-610","page","type-page","status-publish","hentry"],"yoast_head":"<!-- This site is optimized with the Yoast SEO plugin v27.4 - https:\/\/yoast.com\/product\/yoast-seo-wordpress\/ -->\n<title>Sobre Nosotros -<\/title>\n<meta name=\"robots\" content=\"index, follow, max-snippet:-1, max-image-preview:large, max-video-preview:-1\" \/>\n<link rel=\"canonical\" href=\"https:\/\/agustinosoala.org\/en\/sobre-nosotros\/\" \/>\n<meta property=\"og:locale\" content=\"en_US\" \/>\n<meta property=\"og:type\" content=\"article\" \/>\n<meta property=\"og:title\" content=\"Sobre Nosotros -\" \/>\n<meta property=\"og:url\" content=\"https:\/\/agustinosoala.org\/en\/sobre-nosotros\/\" \/>\n<meta property=\"og:site_name\" content=\"OALA - Organizaci\u00f3n de los Agustinos de Am\u00e9rica Latina\" \/>\n<meta property=\"article:publisher\" content=\"https:\/\/www.facebook.com\/oalagustinos\" \/>\n<meta property=\"article:modified_time\" content=\"2025-09-26T05:03:12+00:00\" \/>\n<meta property=\"og:image\" content=\"https:\/\/agustinosoala.org\/wp-content\/uploads\/2025\/09\/OALA-IMAGEN-EDIT-2.png\" \/>\n\t<meta property=\"og:image:width\" content=\"957\" \/>\n\t<meta property=\"og:image:height\" content=\"1074\" \/>\n\t<meta property=\"og:image:type\" content=\"image\/png\" \/>\n<meta name=\"twitter:card\" content=\"summary_large_image\" \/>\n<script type=\"application\/ld+json\" class=\"yoast-schema-graph\">{\"@context\":\"https:\\\/\\\/schema.org\",\"@graph\":[{\"@type\":\"WebPage\",\"@id\":\"https:\\\/\\\/agustinosoala.org\\\/en\\\/sobre-nosotros\\\/\",\"url\":\"https:\\\/\\\/agustinosoala.org\\\/en\\\/sobre-nosotros\\\/\",\"name\":\"Sobre Nosotros -\",\"isPartOf\":{\"@id\":\"https:\\\/\\\/agustinosoala.org\\\/#website\"},\"datePublished\":\"2025-09-25T15:44:42+00:00\",\"dateModified\":\"2025-09-26T05:03:12+00:00\",\"breadcrumb\":{\"@id\":\"https:\\\/\\\/agustinosoala.org\\\/en\\\/sobre-nosotros\\\/#breadcrumb\"},\"inLanguage\":\"en-US\",\"potentialAction\":[{\"@type\":\"ReadAction\",\"target\":[\"https:\\\/\\\/agustinosoala.org\\\/en\\\/sobre-nosotros\\\/\"]}]},{\"@type\":\"BreadcrumbList\",\"@id\":\"https:\\\/\\\/agustinosoala.org\\\/en\\\/sobre-nosotros\\\/#breadcrumb\",\"itemListElement\":[{\"@type\":\"ListItem\",\"position\":1,\"name\":\"Portada\",\"item\":\"https:\\\/\\\/agustinosoala.org\\\/\"},{\"@type\":\"ListItem\",\"position\":2,\"name\":\"Sobre Nosotros\"}]},{\"@type\":\"WebSite\",\"@id\":\"https:\\\/\\\/agustinosoala.org\\\/#website\",\"url\":\"https:\\\/\\\/agustinosoala.org\\\/\",\"name\":\"Organizaci\u00f3n de los Agustinos de Am\u00e9rica Latina - OALA\",\"description\":\"&quot;Comunidad agustiniana comprometida con la fe, la misi\u00f3n y el servicio en latinoamerica.&quot;\",\"publisher\":{\"@id\":\"https:\\\/\\\/agustinosoala.org\\\/#organization\"},\"alternateName\":\"OALA\",\"potentialAction\":[{\"@type\":\"SearchAction\",\"target\":{\"@type\":\"EntryPoint\",\"urlTemplate\":\"https:\\\/\\\/agustinosoala.org\\\/?s={search_term_string}\"},\"query-input\":{\"@type\":\"PropertyValueSpecification\",\"valueRequired\":true,\"valueName\":\"search_term_string\"}}],\"inLanguage\":\"en-US\"},{\"@type\":\"Organization\",\"@id\":\"https:\\\/\\\/agustinosoala.org\\\/#organization\",\"name\":\"Organizaci\u00f3n de los Agustinos de Am\u00e9rica Latina - OALA\",\"alternateName\":\"OALA\",\"url\":\"https:\\\/\\\/agustinosoala.org\\\/\",\"logo\":{\"@type\":\"ImageObject\",\"inLanguage\":\"en-US\",\"@id\":\"https:\\\/\\\/agustinosoala.org\\\/#\\\/schema\\\/logo\\\/image\\\/\",\"url\":\"https:\\\/\\\/agustinosoala.org\\\/wp-content\\\/uploads\\\/2025\\\/09\\\/logo-oala.webp\",\"contentUrl\":\"https:\\\/\\\/agustinosoala.org\\\/wp-content\\\/uploads\\\/2025\\\/09\\\/logo-oala.webp\",\"width\":70,\"height\":70,\"caption\":\"Organizaci\u00f3n de los Agustinos de Am\u00e9rica Latina - OALA\"},\"image\":{\"@id\":\"https:\\\/\\\/agustinosoala.org\\\/#\\\/schema\\\/logo\\\/image\\\/\"},\"sameAs\":[\"https:\\\/\\\/www.facebook.com\\\/oalagustinos\",\"https:\\\/\\\/www.youtube.com\\\/@oalagustinos\",\"https:\\\/\\\/www.instagram.com\\\/oalagustinos_\\\/\"]}]}<\/script>\n<!-- \/ Yoast SEO plugin. -->","yoast_head_json":{"title":"Sobre Nosotros -","robots":{"index":"index","follow":"follow","max-snippet":"max-snippet:-1","max-image-preview":"max-image-preview:large","max-video-preview":"max-video-preview:-1"},"canonical":"https:\/\/agustinosoala.org\/en\/sobre-nosotros\/","og_locale":"en_US","og_type":"article","og_title":"Sobre Nosotros -","og_url":"https:\/\/agustinosoala.org\/en\/sobre-nosotros\/","og_site_name":"OALA - Organizaci\u00f3n de los Agustinos de Am\u00e9rica Latina","article_publisher":"https:\/\/www.facebook.com\/oalagustinos","article_modified_time":"2025-09-26T05:03:12+00:00","og_image":[{"width":957,"height":1074,"url":"https:\/\/agustinosoala.org\/wp-content\/uploads\/2025\/09\/OALA-IMAGEN-EDIT-2.png","type":"image\/png"}],"twitter_card":"summary_large_image","schema":{"@context":"https:\/\/schema.org","@graph":[{"@type":"WebPage","@id":"https:\/\/agustinosoala.org\/en\/sobre-nosotros\/","url":"https:\/\/agustinosoala.org\/en\/sobre-nosotros\/","name":"Sobre Nosotros -","isPartOf":{"@id":"https:\/\/agustinosoala.org\/#website"},"datePublished":"2025-09-25T15:44:42+00:00","dateModified":"2025-09-26T05:03:12+00:00","breadcrumb":{"@id":"https:\/\/agustinosoala.org\/en\/sobre-nosotros\/#breadcrumb"},"inLanguage":"en-US","potentialAction":[{"@type":"ReadAction","target":["https:\/\/agustinosoala.org\/en\/sobre-nosotros\/"]}]},{"@type":"BreadcrumbList","@id":"https:\/\/agustinosoala.org\/en\/sobre-nosotros\/#breadcrumb","itemListElement":[{"@type":"ListItem","position":1,"name":"Portada","item":"https:\/\/agustinosoala.org\/"},{"@type":"ListItem","position":2,"name":"Sobre Nosotros"}]},{"@type":"WebSite","@id":"https:\/\/agustinosoala.org\/#website","url":"https:\/\/agustinosoala.org\/","name":"Organizaci\u00f3n de los Agustinos de Am\u00e9rica Latina - OALA","description":"&quot;Comunidad agustiniana comprometida con la fe, la misi\u00f3n y el servicio en latinoamerica.&quot;","publisher":{"@id":"https:\/\/agustinosoala.org\/#organization"},"alternateName":"OALA","potentialAction":[{"@type":"SearchAction","target":{"@type":"EntryPoint","urlTemplate":"https:\/\/agustinosoala.org\/?s={search_term_string}"},"query-input":{"@type":"PropertyValueSpecification","valueRequired":true,"valueName":"search_term_string"}}],"inLanguage":"en-US"},{"@type":"Organization","@id":"https:\/\/agustinosoala.org\/#organization","name":"Organizaci\u00f3n de los Agustinos de Am\u00e9rica Latina - OALA","alternateName":"OALA","url":"https:\/\/agustinosoala.org\/","logo":{"@type":"ImageObject","inLanguage":"en-US","@id":"https:\/\/agustinosoala.org\/#\/schema\/logo\/image\/","url":"https:\/\/agustinosoala.org\/wp-content\/uploads\/2025\/09\/logo-oala.webp","contentUrl":"https:\/\/agustinosoala.org\/wp-content\/uploads\/2025\/09\/logo-oala.webp","width":70,"height":70,"caption":"Organizaci\u00f3n de los Agustinos de Am\u00e9rica Latina - OALA"},"image":{"@id":"https:\/\/agustinosoala.org\/#\/schema\/logo\/image\/"},"sameAs":["https:\/\/www.facebook.com\/oalagustinos","https:\/\/www.youtube.com\/@oalagustinos","https:\/\/www.instagram.com\/oalagustinos_\/"]}]}},"_links":{"self":[{"href":"https:\/\/agustinosoala.org\/en\/wp-json\/wp\/v2\/pages\/610","targetHints":{"allow":["GET"]}}],"collection":[{"href":"https:\/\/agustinosoala.org\/en\/wp-json\/wp\/v2\/pages"}],"about":[{"href":"https:\/\/agustinosoala.org\/en\/wp-json\/wp\/v2\/types\/page"}],"author":[{"embeddable":true,"href":"https:\/\/agustinosoala.org\/en\/wp-json\/wp\/v2\/users\/1"}],"replies":[{"embeddable":true,"href":"https:\/\/agustinosoala.org\/en\/wp-json\/wp\/v2\/comments?post=610"}],"version-history":[{"count":2,"href":"https:\/\/agustinosoala.org\/en\/wp-json\/wp\/v2\/pages\/610\/revisions"}],"predecessor-version":[{"id":925,"href":"https:\/\/agustinosoala.org\/en\/wp-json\/wp\/v2\/pages\/610\/revisions\/925"}],"wp:attachment":[{"href":"https:\/\/agustinosoala.org\/en\/wp-json\/wp\/v2\/media?parent=610"}],"curies":[{"name":"wp","href":"https:\/\/api.w.org\/{rel}","templated":true}]}}